{"id":1750,"date":"2025-10-17T11:34:54","date_gmt":"2025-10-17T09:34:54","guid":{"rendered":"https:\/\/www.gastro-monk.at\/?post_type=product&#038;p=1750"},"modified":"2025-12-04T19:54:39","modified_gmt":"2025-12-04T18:54:39","slug":"10er-clips-10-14-mm","status":"publish","type":"product","link":"https:\/\/www.gastro-monk.at\/en\/product\/10er-clips-10-14-mm\/","title":{"rendered":"10 Clips 10mm\u201314mm"},"content":{"rendered":"<p>Entdecken Sie unsere innovativen Befestigungsclips, die perfekt auf unsere Plexiglas-Schilder abgestimmt sind. Diese Clips bieten eine clevere und unkomplizierte Methode, um Ihre Schilder<br \/>\nsicher an den <strong>B\u00e4ckerk\u00f6rben<\/strong> anzubringen. Sie eignen sich ebenfalls f\u00fcr viele andere Kistentypen mit einer Wandst\u00e4rke im Griffbereich von bis zu 14 mm.<br \/>\nMit ihrer einfachen Handhabung und robusten Konstruktion sorgen sie daf\u00fcr, dass Ihre K\u00fcchenorganisation reibungslos verl\u00e4uft.<\/p>\n<p>&nbsp;<\/p>\n<p><strong>MATERIAL GRIFF: Flexirene MS 40 LDPE<\/strong><\/p>\n<p><span style=\"font-weight: 400;\">Plus 20% value added tax (VAT) in Austria.<\/span><\/p>","protected":false},"excerpt":{"rendered":"<p><strong>Ersatzclips f\u00fcr B\u00e4ckerkisten<\/strong><br \/>\nUnsere robusten Ersatzclips sind passend f\u00fcr<strong> B\u00e4ckerkisten mit einer Wandst\u00e4rke bis 14 mm.<\/strong> Sie eignen sich ebenfalls f\u00fcr viele andere Kistentypen mit einer Wandst\u00e4rke im Griffbereich von bis zu 14 mm.<br \/>\nBei einer Wandst\u00e4rke unter 10 mm lassen sich die Clips ebenfalls verwenden \u2013 sie <strong>sitzen dann jedoch nicht unter Spannung<\/strong>.<br \/>\nPerfekt abgestimmt auf unsere Hangtagschilder aus Plexiglas \u2013 f\u00fcr sicheren Halt, optimale Passform und eine langlebige Kennzeichnungsl\u00f6sung in <strong>K\u00fcche, K\u00fchlhaus und Catering<\/strong>.<\/p>","protected":false},"featured_media":1858,"template":"","meta":[],"product_cat":[40],"product_tag":[],"class_list":{"0":"post-1750","1":"product","2":"type-product","3":"status-publish","4":"has-post-thumbnail","6":"product_cat-clips","8":"first","9":"instock","10":"taxable","11":"shipping-taxable","12":"purchasable","13":"product-type-simple"},"bundled_by":[],"bundle_stock_status":"instock","bundle_stock_quantity":4998,"bundle_virtual":false,"bundle_layout":"","bundle_add_to_cart_form_location":"","bundle_editable_in_cart":false,"bundle_sold_individually_context":"","bundle_item_grouping":"","bundle_min_size":"","bundle_max_size":"","bundle_price":[],"bundled_items":[],"bundle_sell_ids":[],"_links":{"self":[{"href":"https:\/\/www.gastro-monk.at\/en\/wp-json\/wp\/v2\/product\/1750","targetHints":{"allow":["GET"]}}],"collection":[{"href":"https:\/\/www.gastro-monk.at\/en\/wp-json\/wp\/v2\/product"}],"about":[{"href":"https:\/\/www.gastro-monk.at\/en\/wp-json\/wp\/v2\/types\/product"}],"version-history":[{"count":9,"href":"https:\/\/www.gastro-monk.at\/en\/wp-json\/wp\/v2\/product\/1750\/revisions"}],"predecessor-version":[{"id":1926,"href":"https:\/\/www.gastro-monk.at\/en\/wp-json\/wp\/v2\/product\/1750\/revisions\/1926"}],"wp:featuredmedia":[{"embeddable":true,"href":"https:\/\/www.gastro-monk.at\/en\/wp-json\/wp\/v2\/media\/1858"}],"wp:attachment":[{"href":"https:\/\/www.gastro-monk.at\/en\/wp-json\/wp\/v2\/media?parent=1750"}],"wp:term":[{"taxonomy":"product_cat","embeddable":true,"href":"https:\/\/www.gastro-monk.at\/en\/wp-json\/wp\/v2\/product_cat?post=1750"},{"taxonomy":"product_tag","embeddable":true,"href":"https:\/\/www.gastro-monk.at\/en\/wp-json\/wp\/v2\/product_tag?post=1750"}],"curies":[{"name":"wp","href":"https:\/\/api.w.org\/{rel}","templated":true}]}}